{"id":10,"date":"2017-08-01T12:13:17","date_gmt":"2017-08-01T15:13:17","guid":{"rendered":"http:\/\/tironimagidadvocacia.com.br\/index.php\/practice-area\/"},"modified":"2023-11-08T14:57:54","modified_gmt":"2023-11-08T17:57:54","slug":"practice-area","status":"publish","type":"page","link":"https:\/\/tironimagidadvocacia.com.br\/?page_id=10","title":{"rendered":"\u00c1reas De Atua\u00e7\u00e3o"},"content":{"rendered":"\t\t<div data-elementor-type=\"wp-post\" data-elementor-id=\"10\" class=\"elementor elementor-10\">\n\t\t\t\t\t\t\t\t\t<section class=\"elementor-section elementor-top-section elementor-element elementor-element-429ec73 elementor-section-boxed elementor-section-height-default elementor-section-height-default\" data-id=\"429ec73\" data-element_type=\"section\" data-settings=\"{&quot;background_background&quot;:&quot;classic&quot;}\" data-e-bg-lazyload=\"\">\n\t\t\t\t\t\t\t<div class=\"elementor-background-overlay\"><\/div>\n\t\t\t\t\t\t\t<div class=\"elementor-container elementor-column-gap-wide\">\n\t\t\t\t\t<div class=\"elementor-column elementor-col-100 elementor-top-column elementor-element elementor-element-097e733\" data-id=\"097e733\" data-element_type=\"column\">\n\t\t\t<div class=\"elementor-widget-wrap elementor-element-populated\">\n\t\t\t\t\t\t\t\t<div class=\"elementor-element elementor-element-2d4b0ac elementor-widget elementor-widget-heading\" data-id=\"2d4b0ac\" data-element_type=\"widget\" data-widget_type=\"heading.default\">\n\t\t\t\t<div class=\"elementor-widget-container\">\n\t\t\t<style>\/*! elementor - v3.17.0 - 08-11-2023 *\/\n.elementor-heading-title{padding:0;margin:0;line-height:1}.elementor-widget-heading .elementor-heading-title[class*=elementor-size-]>a{color:inherit;font-size:inherit;line-height:inherit}.elementor-widget-heading .elementor-heading-title.elementor-size-small{font-size:15px}.elementor-widget-heading .elementor-heading-title.elementor-size-medium{font-size:19px}.elementor-widget-heading .elementor-heading-title.elementor-size-large{font-size:29px}.elementor-widget-heading .elementor-heading-title.elementor-size-xl{font-size:39px}.elementor-widget-heading .elementor-heading-title.elementor-size-xxl{font-size:59px}<\/style><h1 class=\"elementor-heading-title elementor-size-default\">\u00c1reas De Atua\u00e7\u00e3o<\/h1>\t\t<\/div>\n\t\t\t\t<\/div>\n\t\t\t\t\t<\/div>\n\t\t<\/div>\n\t\t\t\t\t\t\t<\/div>\n\t\t<\/section>\n\t\t\t\t<section class=\"elementor-section elementor-top-section elementor-element elementor-element-1565652 elementor-section-boxed elementor-section-height-default elementor-section-height-default\" data-id=\"1565652\" data-element_type=\"section\" data-settings=\"{&quot;background_background&quot;:&quot;classic&quot;}\">\n\t\t\t\t\t\t<div class=\"elementor-container elementor-column-gap-no\">\n\t\t\t\t\t<div class=\"elementor-column elementor-col-100 elementor-top-column elementor-element elementor-element-da63104\" data-id=\"da63104\" data-element_type=\"column\">\n\t\t\t<div class=\"elementor-widget-wrap elementor-element-populated\">\n\t\t\t\t\t\t\t\t<section class=\"elementor-section elementor-inner-section elementor-element elementor-element-40041d3 elementor-section-content-middle elementor-reverse-tablet elementor-reverse-mobile elementor-section-boxed elementor-section-height-default elementor-section-height-default\" data-id=\"40041d3\" data-element_type=\"section\">\n\t\t\t\t\t\t<div class=\"elementor-container elementor-column-gap-wide\">\n\t\t\t\t\t<div class=\"elementor-column elementor-col-50 elementor-inner-column elementor-element elementor-element-0becc9b\" data-id=\"0becc9b\" data-element_type=\"column\">\n\t\t\t<div class=\"elementor-widget-wrap elementor-element-populated\">\n\t\t\t\t\t\t\t\t<div class=\"elementor-element elementor-element-a963899 elementor-widget elementor-widget-heading\" data-id=\"a963899\" data-element_type=\"widget\" data-widget_type=\"heading.default\">\n\t\t\t\t<div class=\"elementor-widget-container\">\n\t\t\t<h3 class=\"elementor-heading-title elementor-size-default\">Planejamento Patrimonial E Sucess\u00f3rio<\/h3>\t\t<\/div>\n\t\t\t\t<\/div>\n\t\t\t\t<div class=\"elementor-element elementor-element-0c66a19 elementor-widget elementor-widget-text-editor\" data-id=\"0c66a19\" data-element_type=\"widget\" data-widget_type=\"text-editor.default\">\n\t\t\t\t<div class=\"elementor-widget-container\">\n\t\t\t<style>\/*! elementor - v3.17.0 - 08-11-2023 *\/\n.elementor-widget-text-editor.elementor-drop-cap-view-stacked .elementor-drop-cap{background-color:#69727d;color:#fff}.elementor-widget-text-editor.elementor-drop-cap-view-framed .elementor-drop-cap{color:#69727d;border:3px solid;background-color:transparent}.elementor-widget-text-editor:not(.elementor-drop-cap-view-default) .elementor-drop-cap{margin-top:8px}.elementor-widget-text-editor:not(.elementor-drop-cap-view-default) .elementor-drop-cap-letter{width:1em;height:1em}.elementor-widget-text-editor .elementor-drop-cap{float:left;text-align:center;line-height:1;font-size:50px}.elementor-widget-text-editor .elementor-drop-cap-letter{display:inline-block}<\/style>\t\t\t\t<p style=\"text-align: justify;\">O planejamento patrimonial e sucess\u00f3rio relaciona-se com v\u00e1rias \u00e1reas do Direito, tais como Civil, Sucess\u00f3rio\/Previdenci\u00e1rio, Tribut\u00e1rio e Empresarial, sendo uma eficiente forma de organizar o patrim\u00f4nio familiar (gest\u00e3o), proporcionando prote\u00e7\u00e3o patrimonial e redu\u00e7\u00e3o de impostos. De outro lado, reduz o desgaste familiar, a morosidade e os custos com invent\u00e1rio. Aqui utilizamos ferramentas l\u00edcitas, possibilitando seguran\u00e7a e perpetua\u00e7\u00e3o do legado da fam\u00edlia, tais como testamento, doa\u00e7\u00e3o, usufruto, holding patrimonial, seguro de vida e planos de previd\u00eancia aberta, conforme o perfil da fam\u00edlia analisado em estudo pr\u00e9vio e personalizado.<\/p>\t\t\t\t\t\t<\/div>\n\t\t\t\t<\/div>\n\t\t\t\t\t<\/div>\n\t\t<\/div>\n\t\t\t\t<div class=\"elementor-column elementor-col-50 elementor-inner-column elementor-element elementor-element-7632bbf\" data-id=\"7632bbf\" data-element_type=\"column\" data-settings=\"{&quot;background_background&quot;:&quot;gradient&quot;}\">\n\t\t\t<div class=\"elementor-widget-wrap elementor-element-populated\">\n\t\t\t\t\t\t\t\t<div class=\"elementor-element elementor-element-162c1bc elementor-widget elementor-widget-image\" data-id=\"162c1bc\" data-element_type=\"widget\" data-widget_type=\"image.default\">\n\t\t\t\t<div class=\"elementor-widget-container\">\n\t\t\t<style>\/*! elementor - v3.17.0 - 08-11-2023 *\/\n.elementor-widget-image{text-align:center}.elementor-widget-image a{display:inline-block}.elementor-widget-image a img[src$=\".svg\"]{width:48px}.elementor-widget-image img{vertical-align:middle;display:inline-block}<\/style>\t\t\t\t\t\t\t\t\t\t\t\t<img fetchpriority=\"high\" decoding=\"async\" width=\"1024\" height=\"574\" src=\"https:\/\/tironimagidadvocacia.com.br\/wp-content\/uploads\/2022\/04\/R-1024x574.jpg\" class=\"attachment-large size-large wp-image-1481\" alt=\"\" srcset=\"https:\/\/tironimagidadvocacia.com.br\/wp-content\/uploads\/2022\/04\/R-1024x574.jpg 1024w, https:\/\/tironimagidadvocacia.com.br\/wp-content\/uploads\/2022\/04\/R-300x168.jpg 300w, https:\/\/tironimagidadvocacia.com.br\/wp-content\/uploads\/2022\/04\/R-768x430.jpg 768w, https:\/\/tironimagidadvocacia.com.br\/wp-content\/uploads\/2022\/04\/R.jpg 1089w\" sizes=\"(max-width: 1024px) 100vw, 1024px\" \/>\t\t\t\t\t\t\t\t\t\t\t\t\t\t\t<\/div>\n\t\t\t\t<\/div>\n\t\t\t\t\t<\/div>\n\t\t<\/div>\n\t\t\t\t\t\t\t<\/div>\n\t\t<\/section>\n\t\t\t\t\t<\/div>\n\t\t<\/div>\n\t\t\t\t\t\t\t<\/div>\n\t\t<\/section>\n\t\t\t\t\t\t\t<\/div>\n\t\t","protected":false},"excerpt":{"rendered":"<p>\u00c1reas De Atua\u00e7\u00e3o Planejamento Patrimonial E Sucess\u00f3rio O planejamento patrimonial e sucess\u00f3rio relaciona-se com v\u00e1rias \u00e1reas do Direito, tais como Civil, Sucess\u00f3rio\/Previdenci\u00e1rio, Tribut\u00e1rio e Empresarial, sendo uma eficiente forma de organizar o patrim\u00f4nio familiar (gest\u00e3o), proporcionando prote\u00e7\u00e3o patrimonial e redu\u00e7\u00e3o de impostos. De outro lado, reduz o desgaste familiar, a morosidade e os custos com &hellip;<\/p>\n<p class=\"read-more\"> <a class=\"\" href=\"https:\/\/tironimagidadvocacia.com.br\/?page_id=10\"> <span class=\"screen-reader-text\">\u00c1reas De Atua\u00e7\u00e3o<\/span> Leia mais &raquo;<\/a><\/p>\n","protected":false},"author":1,"featured_media":0,"parent":0,"menu_order":0,"comment_status":"closed","ping_status":"closed","template":"","meta":{"site-sidebar-layout":"no-sidebar","site-content-layout":"page-builder","ast-main-header-display":"","ast-hfb-above-header-display":"","ast-hfb-below-header-display":"","ast-hfb-mobile-header-display":"","site-post-title":"disabled","ast-breadcrumbs-content":"","ast-featured-img":"","footer-sml-layout":"","theme-transparent-header-meta":"enabled","adv-header-id-meta":"","stick-header-meta":"","header-above-stick-meta":"","header-main-stick-meta":"","header-below-stick-meta":"","_joinchat":[],"footnotes":""},"class_list":["post-10","page","type-page","status-publish","hentry"],"yoast_head":"<!-- This site is optimized with the Yoast SEO plugin v24.9 - https:\/\/yoast.com\/wordpress\/plugins\/seo\/ -->\n<title>\u00c1reas De Atua\u00e7\u00e3o - Tironi Magid Advocacia<\/title>\n<meta name=\"robots\" content=\"index, follow, max-snippet:-1, max-image-preview:large, max-video-preview:-1\" \/>\n<link rel=\"canonical\" href=\"https:\/\/tironimagidadvocacia.com.br\/?page_id=10\" \/>\n<meta property=\"og:locale\" content=\"pt_BR\" \/>\n<meta property=\"og:type\" content=\"article\" \/>\n<meta property=\"og:title\" content=\"\u00c1reas De Atua\u00e7\u00e3o - Tironi Magid Advocacia\" \/>\n<meta property=\"og:description\" content=\"\u00c1reas De Atua\u00e7\u00e3o Planejamento Patrimonial E Sucess\u00f3rio O planejamento patrimonial e sucess\u00f3rio relaciona-se com v\u00e1rias \u00e1reas do Direito, tais como Civil, Sucess\u00f3rio\/Previdenci\u00e1rio, Tribut\u00e1rio e Empresarial, sendo uma eficiente forma de organizar o patrim\u00f4nio familiar (gest\u00e3o), proporcionando prote\u00e7\u00e3o patrimonial e redu\u00e7\u00e3o de impostos. De outro lado, reduz o desgaste familiar, a morosidade e os custos com &hellip; \u00c1reas De Atua\u00e7\u00e3o Leia mais &raquo;\" \/>\n<meta property=\"og:url\" content=\"https:\/\/tironimagidadvocacia.com.br\/?page_id=10\" \/>\n<meta property=\"og:site_name\" content=\"Tironi Magid Advocacia\" \/>\n<meta property=\"article:publisher\" content=\"https:\/\/www.instagram.com\/tironimagidadvocacia\/\" \/>\n<meta property=\"article:modified_time\" content=\"2023-11-08T17:57:54+00:00\" \/>\n<meta property=\"og:image\" content=\"https:\/\/tironimagidadvocacia.com.br\/wp-content\/uploads\/2022\/04\/R-1024x574.jpg\" \/>\n<meta name=\"twitter:card\" content=\"summary_large_image\" \/>\n<meta name=\"twitter:label1\" content=\"Est. tempo de leitura\" \/>\n\t<meta name=\"twitter:data1\" content=\"1 minuto\" \/>\n<script type=\"application\/ld+json\" class=\"yoast-schema-graph\">{\"@context\":\"https:\/\/schema.org\",\"@graph\":[{\"@type\":\"WebPage\",\"@id\":\"https:\/\/tironimagidadvocacia.com.br\/?page_id=10\",\"url\":\"https:\/\/tironimagidadvocacia.com.br\/?page_id=10\",\"name\":\"\u00c1reas De Atua\u00e7\u00e3o - Tironi Magid Advocacia\",\"isPartOf\":{\"@id\":\"https:\/\/tironimagidadvocacia.com.br\/#website\"},\"primaryImageOfPage\":{\"@id\":\"https:\/\/tironimagidadvocacia.com.br\/?page_id=10#primaryimage\"},\"image\":{\"@id\":\"https:\/\/tironimagidadvocacia.com.br\/?page_id=10#primaryimage\"},\"thumbnailUrl\":\"https:\/\/tironimagidadvocacia.com.br\/wp-content\/uploads\/2022\/04\/R-1024x574.jpg\",\"datePublished\":\"2017-08-01T15:13:17+00:00\",\"dateModified\":\"2023-11-08T17:57:54+00:00\",\"breadcrumb\":{\"@id\":\"https:\/\/tironimagidadvocacia.com.br\/?page_id=10#breadcrumb\"},\"inLanguage\":\"pt-BR\",\"potentialAction\":[{\"@type\":\"ReadAction\",\"target\":[\"https:\/\/tironimagidadvocacia.com.br\/?page_id=10\"]}]},{\"@type\":\"ImageObject\",\"inLanguage\":\"pt-BR\",\"@id\":\"https:\/\/tironimagidadvocacia.com.br\/?page_id=10#primaryimage\",\"url\":\"https:\/\/tironimagidadvocacia.com.br\/wp-content\/uploads\/2022\/04\/R.jpg\",\"contentUrl\":\"https:\/\/tironimagidadvocacia.com.br\/wp-content\/uploads\/2022\/04\/R.jpg\",\"width\":1089,\"height\":610},{\"@type\":\"BreadcrumbList\",\"@id\":\"https:\/\/tironimagidadvocacia.com.br\/?page_id=10#breadcrumb\",\"itemListElement\":[{\"@type\":\"ListItem\",\"position\":1,\"name\":\"In\u00edcio\",\"item\":\"https:\/\/tironimagidadvocacia.com.br\/\"},{\"@type\":\"ListItem\",\"position\":2,\"name\":\"\u00c1reas De Atua\u00e7\u00e3o\"}]},{\"@type\":\"WebSite\",\"@id\":\"https:\/\/tironimagidadvocacia.com.br\/#website\",\"url\":\"https:\/\/tironimagidadvocacia.com.br\/\",\"name\":\"Tironi Magid Advocacia\",\"description\":\"Escrit\u00f3rio de Advocacia em Vit\u00f3ria\",\"publisher\":{\"@id\":\"https:\/\/tironimagidadvocacia.com.br\/#organization\"},\"potentialAction\":[{\"@type\":\"SearchAction\",\"target\":{\"@type\":\"EntryPoint\",\"urlTemplate\":\"https:\/\/tironimagidadvocacia.com.br\/?s={search_term_string}\"},\"query-input\":{\"@type\":\"PropertyValueSpecification\",\"valueRequired\":true,\"valueName\":\"search_term_string\"}}],\"inLanguage\":\"pt-BR\"},{\"@type\":\"Organization\",\"@id\":\"https:\/\/tironimagidadvocacia.com.br\/#organization\",\"name\":\"Tironi Magid Advocacia\",\"url\":\"https:\/\/tironimagidadvocacia.com.br\/\",\"logo\":{\"@type\":\"ImageObject\",\"inLanguage\":\"pt-BR\",\"@id\":\"https:\/\/tironimagidadvocacia.com.br\/#\/schema\/logo\/image\/\",\"url\":\"http:\/\/tironimagidadvocacia.com.br\/wp-content\/uploads\/2022\/03\/aaf78ef9-3192-442d-80bf-0c8fff717750.jpg\",\"contentUrl\":\"http:\/\/tironimagidadvocacia.com.br\/wp-content\/uploads\/2022\/03\/aaf78ef9-3192-442d-80bf-0c8fff717750.jpg\",\"width\":1280,\"height\":1016,\"caption\":\"Tironi Magid Advocacia\"},\"image\":{\"@id\":\"https:\/\/tironimagidadvocacia.com.br\/#\/schema\/logo\/image\/\"},\"sameAs\":[\"https:\/\/www.instagram.com\/tironimagidadvocacia\/\"]}]}<\/script>\n<!-- \/ Yoast SEO plugin. -->","yoast_head_json":{"title":"\u00c1reas De Atua\u00e7\u00e3o - Tironi Magid Advocacia","robots":{"index":"index","follow":"follow","max-snippet":"max-snippet:-1","max-image-preview":"max-image-preview:large","max-video-preview":"max-video-preview:-1"},"canonical":"https:\/\/tironimagidadvocacia.com.br\/?page_id=10","og_locale":"pt_BR","og_type":"article","og_title":"\u00c1reas De Atua\u00e7\u00e3o - Tironi Magid Advocacia","og_description":"\u00c1reas De Atua\u00e7\u00e3o Planejamento Patrimonial E Sucess\u00f3rio O planejamento patrimonial e sucess\u00f3rio relaciona-se com v\u00e1rias \u00e1reas do Direito, tais como Civil, Sucess\u00f3rio\/Previdenci\u00e1rio, Tribut\u00e1rio e Empresarial, sendo uma eficiente forma de organizar o patrim\u00f4nio familiar (gest\u00e3o), proporcionando prote\u00e7\u00e3o patrimonial e redu\u00e7\u00e3o de impostos. De outro lado, reduz o desgaste familiar, a morosidade e os custos com &hellip; \u00c1reas De Atua\u00e7\u00e3o Leia mais &raquo;","og_url":"https:\/\/tironimagidadvocacia.com.br\/?page_id=10","og_site_name":"Tironi Magid Advocacia","article_publisher":"https:\/\/www.instagram.com\/tironimagidadvocacia\/","article_modified_time":"2023-11-08T17:57:54+00:00","og_image":[{"url":"https:\/\/tironimagidadvocacia.com.br\/wp-content\/uploads\/2022\/04\/R-1024x574.jpg","type":"","width":"","height":""}],"twitter_card":"summary_large_image","twitter_misc":{"Est. tempo de leitura":"1 minuto"},"schema":{"@context":"https:\/\/schema.org","@graph":[{"@type":"WebPage","@id":"https:\/\/tironimagidadvocacia.com.br\/?page_id=10","url":"https:\/\/tironimagidadvocacia.com.br\/?page_id=10","name":"\u00c1reas De Atua\u00e7\u00e3o - Tironi Magid Advocacia","isPartOf":{"@id":"https:\/\/tironimagidadvocacia.com.br\/#website"},"primaryImageOfPage":{"@id":"https:\/\/tironimagidadvocacia.com.br\/?page_id=10#primaryimage"},"image":{"@id":"https:\/\/tironimagidadvocacia.com.br\/?page_id=10#primaryimage"},"thumbnailUrl":"https:\/\/tironimagidadvocacia.com.br\/wp-content\/uploads\/2022\/04\/R-1024x574.jpg","datePublished":"2017-08-01T15:13:17+00:00","dateModified":"2023-11-08T17:57:54+00:00","breadcrumb":{"@id":"https:\/\/tironimagidadvocacia.com.br\/?page_id=10#breadcrumb"},"inLanguage":"pt-BR","potentialAction":[{"@type":"ReadAction","target":["https:\/\/tironimagidadvocacia.com.br\/?page_id=10"]}]},{"@type":"ImageObject","inLanguage":"pt-BR","@id":"https:\/\/tironimagidadvocacia.com.br\/?page_id=10#primaryimage","url":"https:\/\/tironimagidadvocacia.com.br\/wp-content\/uploads\/2022\/04\/R.jpg","contentUrl":"https:\/\/tironimagidadvocacia.com.br\/wp-content\/uploads\/2022\/04\/R.jpg","width":1089,"height":610},{"@type":"BreadcrumbList","@id":"https:\/\/tironimagidadvocacia.com.br\/?page_id=10#breadcrumb","itemListElement":[{"@type":"ListItem","position":1,"name":"In\u00edcio","item":"https:\/\/tironimagidadvocacia.com.br\/"},{"@type":"ListItem","position":2,"name":"\u00c1reas De Atua\u00e7\u00e3o"}]},{"@type":"WebSite","@id":"https:\/\/tironimagidadvocacia.com.br\/#website","url":"https:\/\/tironimagidadvocacia.com.br\/","name":"Tironi Magid Advocacia","description":"Escrit\u00f3rio de Advocacia em Vit\u00f3ria","publisher":{"@id":"https:\/\/tironimagidadvocacia.com.br\/#organization"},"potentialAction":[{"@type":"SearchAction","target":{"@type":"EntryPoint","urlTemplate":"https:\/\/tironimagidadvocacia.com.br\/?s={search_term_string}"},"query-input":{"@type":"PropertyValueSpecification","valueRequired":true,"valueName":"search_term_string"}}],"inLanguage":"pt-BR"},{"@type":"Organization","@id":"https:\/\/tironimagidadvocacia.com.br\/#organization","name":"Tironi Magid Advocacia","url":"https:\/\/tironimagidadvocacia.com.br\/","logo":{"@type":"ImageObject","inLanguage":"pt-BR","@id":"https:\/\/tironimagidadvocacia.com.br\/#\/schema\/logo\/image\/","url":"http:\/\/tironimagidadvocacia.com.br\/wp-content\/uploads\/2022\/03\/aaf78ef9-3192-442d-80bf-0c8fff717750.jpg","contentUrl":"http:\/\/tironimagidadvocacia.com.br\/wp-content\/uploads\/2022\/03\/aaf78ef9-3192-442d-80bf-0c8fff717750.jpg","width":1280,"height":1016,"caption":"Tironi Magid Advocacia"},"image":{"@id":"https:\/\/tironimagidadvocacia.com.br\/#\/schema\/logo\/image\/"},"sameAs":["https:\/\/www.instagram.com\/tironimagidadvocacia\/"]}]}},"_links":{"self":[{"href":"https:\/\/tironimagidadvocacia.com.br\/index.php?rest_route=\/wp\/v2\/pages\/10","targetHints":{"allow":["GET"]}}],"collection":[{"href":"https:\/\/tironimagidadvocacia.com.br\/index.php?rest_route=\/wp\/v2\/pages"}],"about":[{"href":"https:\/\/tironimagidadvocacia.com.br\/index.php?rest_route=\/wp\/v2\/types\/page"}],"author":[{"embeddable":true,"href":"https:\/\/tironimagidadvocacia.com.br\/index.php?rest_route=\/wp\/v2\/users\/1"}],"replies":[{"embeddable":true,"href":"https:\/\/tironimagidadvocacia.com.br\/index.php?rest_route=%2Fwp%2Fv2%2Fcomments&post=10"}],"version-history":[{"count":0,"href":"https:\/\/tironimagidadvocacia.com.br\/index.php?rest_route=\/wp\/v2\/pages\/10\/revisions"}],"wp:attachment":[{"href":"https:\/\/tironimagidadvocacia.com.br\/index.php?rest_route=%2Fwp%2Fv2%2Fmedia&parent=10"}],"curies":[{"name":"wp","href":"https:\/\/api.w.org\/{rel}","templated":true}]}}